{"id":3042,"date":"2020-09-25T17:32:26","date_gmt":"2020-09-25T22:32:26","guid":{"rendered":"https:\/\/www.ayaingenieriametal.com\/?post_type=product&#038;p=3042"},"modified":"2020-11-25T12:46:27","modified_gmt":"2020-11-25T17:46:27","slug":"nivel-laser-bosch-gcl25","status":"publish","type":"product","link":"https:\/\/www.ayaingenieriametal.com\/index.php\/producto\/nivel-laser-bosch-gcl25\/","title":{"rendered":"NIVEL L\u00c1SER &#8211; BOSCH GLL 3-50"},"content":{"rendered":"<p>BOSCH GCL25<\/p>\n","protected":false},"excerpt":{"rendered":"<strong>Aplicaciones y uso<\/strong>\r\n<ul>\r\n \t<li>Colocaci\u00f3n de carriles de tabique seco en suelos, techos y muros, para la creaci\u00f3n de separaciones.<\/li>\r\n \t<li>Transferir alturas.<\/li>\r\n \t<li>Nivelaci\u00f3n de cajas de enchufe, bandejas de electricidad, radiadores e instalaci\u00f3n de tuber\u00edas.<\/li>\r\n \t<li>Alineaci\u00f3n vertical de tuber\u00edas.<\/li>\r\n \t<li>Nivelaci\u00f3n y alineaci\u00f3n de puertas y ventanas<\/li>\r\n<\/ul>\r\n<strong>Incluye<\/strong>\r\n<ul>\r\n \t<li>Certificado de Calibraci\u00f3n<\/li>\r\n \t<li>Malet\u00edn + Estuche<\/li>\r\n \t<li>Tr\u00edpode y soporte<\/li>\r\n<\/ul>","protected":false},"featured_media":3609,"comment_status":"open","ping_status":"closed","template":"","meta":[],"_links":{"self":[{"href":"https:\/\/www.ayaingenieriametal.com\/index.php\/wp-json\/wp\/v2\/product\/3042"}],"collection":[{"href":"https:\/\/www.ayaingenieriametal.com\/index.php\/wp-json\/wp\/v2\/product"}],"about":[{"href":"https:\/\/www.ayaingenieriametal.com\/index.php\/wp-json\/wp\/v2\/types\/product"}],"replies":[{"embeddable":true,"href":"https:\/\/www.ayaingenieriametal.com\/index.php\/wp-json\/wp\/v2\/comments?post=3042"}],"wp:featuredmedia":[{"embeddable":true,"href":"https:\/\/www.ayaingenieriametal.com\/index.php\/wp-json\/wp\/v2\/media\/3609"}],"wp:attachment":[{"href":"https:\/\/www.ayaingenieriametal.com\/index.php\/wp-json\/wp\/v2\/media?parent=3042"}],"curies":[{"name":"wp","href":"https:\/\/api.w.org\/{rel}","templated":true}]}}