{"id":3033,"date":"2020-09-25T16:58:15","date_gmt":"2020-09-25T21:58:15","guid":{"rendered":"https:\/\/www.ayaingenieriametal.com\/?post_type=product&#038;p=3033"},"modified":"2020-11-21T20:25:12","modified_gmt":"2020-11-22T01:25:12","slug":"maquina-de-soldar-electrica-portatil-solandina-rx200","status":"publish","type":"product","link":"https:\/\/www.ayaingenieriametal.com\/index.php\/producto\/maquina-de-soldar-electrica-portatil-solandina-rx200\/","title":{"rendered":"M\u00c1QUINA DE SOLDAR EL\u00c9CTRICA PORT\u00c1TIL &#8211; SOLANDINA RX200"},"content":{"rendered":"<p>SOLANDINA RX200<\/p>\n","protected":false},"excerpt":{"rendered":"<strong>Aplicaciones y uso<\/strong>\r\n<ul>\r\n \t<li>Trabajos de soldadura de tubos met\u00e1licos.<\/li>\r\n \t<li>Trabajos de soldadura de piezas de metal.<\/li>\r\n \t<li>Construcci\u00f3n de estructuras met\u00e1licas.<\/li>\r\n \t<li>Para m\u00faltiples trabajos de soldadura de metales.<\/li>\r\n \t<li>Ferrosos y no ferrosos.<\/li>\r\n<\/ul>\r\n<strong>Incluye<\/strong>\r\n<ul>\r\n \t<li>01 Gln de combustible.<\/li>\r\n \t<li>Certificado de Operatividad.<\/li>\r\n<\/ul>","protected":false},"featured_media":4083,"comment_status":"open","ping_status":"closed","template":"","meta":[],"_links":{"self":[{"href":"https:\/\/www.ayaingenieriametal.com\/index.php\/wp-json\/wp\/v2\/product\/3033"}],"collection":[{"href":"https:\/\/www.ayaingenieriametal.com\/index.php\/wp-json\/wp\/v2\/product"}],"about":[{"href":"https:\/\/www.ayaingenieriametal.com\/index.php\/wp-json\/wp\/v2\/types\/product"}],"replies":[{"embeddable":true,"href":"https:\/\/www.ayaingenieriametal.com\/index.php\/wp-json\/wp\/v2\/comments?post=3033"}],"wp:featuredmedia":[{"embeddable":true,"href":"https:\/\/www.ayaingenieriametal.com\/index.php\/wp-json\/wp\/v2\/media\/4083"}],"wp:attachment":[{"href":"https:\/\/www.ayaingenieriametal.com\/index.php\/wp-json\/wp\/v2\/media?parent=3033"}],"curies":[{"name":"wp","href":"https:\/\/api.w.org\/{rel}","templated":true}]}}