{"id":3293,"date":"2020-10-16T17:59:37","date_gmt":"2020-10-16T22:59:37","guid":{"rendered":"https:\/\/www.ayaingenieriametal.com\/index.php\/request-quote\/"},"modified":"2020-11-21T20:42:43","modified_gmt":"2020-11-22T01:42:43","slug":"solicita-una-cotizacion","status":"publish","type":"page","link":"https:\/\/www.ayaingenieriametal.com\/index.php\/solicita-una-cotizacion\/","title":{"rendered":"Solicita una cotizaci\u00f3n"},"content":{"rendered":"\r\n<div class=\"woocommerce ywraq-wrapper\">\r\n\r\n\t\t\t<div id=\"yith-ywraq-message\"><div class=\"ywraq-question-message\">\n\t<\/div>\n<\/div>\r\n\t\t\r\n\t\t\t\t<div class=\"ywraq-form-table-wrapper \">\r\n\t\t\t<p class=\"ywraq_list_empty_message\">Tu lista est\u00e1 vac\u00eda, a\u00f1ade productos a la lista para enviar una solicitud<p><p class=\"return-to-shop\"><a class=\"button wc-backward\" href=\"https:\/\/www.ayaingenieriametal.com\/index.php\/alquileres\/\">Volver a la tienda<\/a><\/p>\r\n\t\t\t\t\t<\/div>\r\n\t<\/div>\r\n\n","protected":false},"excerpt":{"rendered":"Tu lista est\u00e1 vac\u00eda, a\u00f1ade productos a la lista para enviar una solicitudVolver a la tienda","protected":false},"author":1,"featured_media":0,"parent":0,"menu_order":0,"comment_status":"closed","ping_status":"closed","template":"","meta":[],"_links":{"self":[{"href":"https:\/\/www.ayaingenieriametal.com\/index.php\/wp-json\/wp\/v2\/pages\/3293"}],"collection":[{"href":"https:\/\/www.ayaingenieriametal.com\/index.php\/wp-json\/wp\/v2\/pages"}],"about":[{"href":"https:\/\/www.ayaingenieriametal.com\/index.php\/wp-json\/wp\/v2\/types\/page"}],"author":[{"embeddable":true,"href":"https:\/\/www.ayaingenieriametal.com\/index.php\/wp-json\/wp\/v2\/users\/1"}],"replies":[{"embeddable":true,"href":"https:\/\/www.ayaingenieriametal.com\/index.php\/wp-json\/wp\/v2\/comments?post=3293"}],"version-history":[{"count":1,"href":"https:\/\/www.ayaingenieriametal.com\/index.php\/wp-json\/wp\/v2\/pages\/3293\/revisions"}],"predecessor-version":[{"id":4087,"href":"https:\/\/www.ayaingenieriametal.com\/index.php\/wp-json\/wp\/v2\/pages\/3293\/revisions\/4087"}],"wp:attachment":[{"href":"https:\/\/www.ayaingenieriametal.com\/index.php\/wp-json\/wp\/v2\/media?parent=3293"}],"curies":[{"name":"wp","href":"https:\/\/api.w.org\/{rel}","templated":true}]}}