{"id":3080,"date":"2020-09-25T18:47:18","date_gmt":"2020-09-25T23:47:18","guid":{"rendered":"https:\/\/www.ayaingenieriametal.com\/?page_id=3080"},"modified":"2020-10-25T21:04:31","modified_gmt":"2020-10-26T02:04:31","slug":"perforacion-con-diamantina","status":"publish","type":"page","link":"https:\/\/www.ayaingenieriametal.com\/index.php\/perforacion-con-diamantina\/","title":{"rendered":"Perforaci\u00f3n con diamantina"},"content":{"rendered":"<p>[vc_row][vc_column width=\u00bb1\/2&#8243;][vc_single_image image=\u00bb3577&#8243; img_size=\u00bbfull\u00bb][\/vc_column][vc_column width=\u00bb1\/2&#8243; css=\u00bb.vc_custom_1603678122529{padding-left: 38px !important;}\u00bb el_class=\u00bbdiamantina-left\u00bb][vc_custom_heading text=\u00bbPerforaci\u00f3n con diamantina\u00bb font_container=\u00bbtag:h3|text_align:left\u00bb el_class=\u00bbdetail-title\u00bb][vc_column_text]<strong>Perforaciones hasta 12&#8243;<\/strong><br \/>\nUsos<\/p>\n<ul>\n<li>Ductos de ventilaci\u00f3n<\/li>\n<li>Extracci\u00f3n de testigos<\/li>\n<li>Pase para tuber\u00edas de agua , sistema contraincendio y dem\u00e1s instalaciones.<\/li>\n<\/ul>\n<p><strong>Indicar en detalles:<\/strong><\/p>\n<ul>\n<li>Ubicaci\u00f3n: si es viga o losa<\/li>\n<li>N\u00famero de perforacione<\/li>\n<li>Profundidad<\/li>\n<li>Di\u00e1metro<\/li>\n<li>Si tiene cerca puntos de agua<\/li>\n<li>Si tiene cerca tomas de corriente<\/li>\n<li>Requisitos de ingreso<\/li>\n<\/ul>\n<p>[\/vc_column_text][vc_raw_html]JTNDc2NyaXB0JTIwY2hhcnNldCUzRCUyMnV0Zi04JTIyJTIwdHlwZSUzRCUyMnRleHQlMkZqYXZhc2NyaXB0JTIyJTIwc3JjJTNEJTIyJTJGJTJGanMuaHNmb3Jtcy5uZXQlMkZmb3JtcyUyRnNoZWxsLmpzJTIyJTNFJTNDJTJGc2NyaXB0JTNFJTBBJTNDc2NyaXB0JTNFJTBBJTIwJTIwaGJzcHQuZm9ybXMuY3JlYXRlJTI4JTdCJTBBJTA5cG9ydGFsSWQlM0ElMjAlMjI4Mzg1NTgyJTIyJTJDJTBBJTA5Zm9ybUlkJTNBJTIwJTIyNGY4MjBmNGItYTM3Yi00ODE5LTk2MTItNjdkYjAyYzA2NTIzJTIyJTBBJTdEJTI5JTNCJTBBJTNDJTJGc2NyaXB0JTNF[\/vc_raw_html][\/vc_column][\/vc_row]<\/p>\n","protected":false},"excerpt":{"rendered":"[vc_row][vc_column width=\u00bb1\/2&#8243;][vc_single_image image=\u00bb3577&#8243; img_size=\u00bbfull\u00bb][\/vc_column][vc_column width=\u00bb1\/2&#8243; css=\u00bb.vc_custom_1603678122529{padding-left: 38px !important;}\u00bb el_class=\u00bbdiamantina-left\u00bb][vc_custom_heading text=\u00bbPerforaci\u00f3n con diamantina\u00bb font_container=\u00bbtag:h3|text_align:left\u00bb el_class=\u00bbdetail-title\u00bb][vc_column_text]Perforaciones hasta 12&#8243; Usos Ductos de ventilaci\u00f3n Extracci\u00f3n de testigos Pase para tuber\u00edas de agua , sistema contraincendio y dem\u00e1s instalaciones. Indicar en detalles: Ubicaci\u00f3n: si es viga o losa N\u00famero de perforacione Profundidad Di\u00e1metro Si tiene cerca puntos de agua Si[&#8230;]","protected":false},"author":1,"featured_media":0,"parent":0,"menu_order":0,"comment_status":"closed","ping_status":"closed","template":"","meta":[],"_links":{"self":[{"href":"https:\/\/www.ayaingenieriametal.com\/index.php\/wp-json\/wp\/v2\/pages\/3080"}],"collection":[{"href":"https:\/\/www.ayaingenieriametal.com\/index.php\/wp-json\/wp\/v2\/pages"}],"about":[{"href":"https:\/\/www.ayaingenieriametal.com\/index.php\/wp-json\/wp\/v2\/types\/page"}],"author":[{"embeddable":true,"href":"https:\/\/www.ayaingenieriametal.com\/index.php\/wp-json\/wp\/v2\/users\/1"}],"replies":[{"embeddable":true,"href":"https:\/\/www.ayaingenieriametal.com\/index.php\/wp-json\/wp\/v2\/comments?post=3080"}],"version-history":[{"count":11,"href":"https:\/\/www.ayaingenieriametal.com\/index.php\/wp-json\/wp\/v2\/pages\/3080\/revisions"}],"predecessor-version":[{"id":3784,"href":"https:\/\/www.ayaingenieriametal.com\/index.php\/wp-json\/wp\/v2\/pages\/3080\/revisions\/3784"}],"wp:attachment":[{"href":"https:\/\/www.ayaingenieriametal.com\/index.php\/wp-json\/wp\/v2\/media?parent=3080"}],"curies":[{"name":"wp","href":"https:\/\/api.w.org\/{rel}","templated":true}]}}