{"id":2693,"date":"2020-09-19T10:07:03","date_gmt":"2020-09-19T15:07:03","guid":{"rendered":"https:\/\/www.ayaingenieriametal.com\/?page_id=2693"},"modified":"2020-11-12T17:07:58","modified_gmt":"2020-11-12T22:07:58","slug":"trabaja-con-nosotros","status":"publish","type":"page","link":"https:\/\/www.ayaingenieriametal.com\/index.php\/trabaja-con-nosotros\/","title":{"rendered":"Trabaja con nosotros"},"content":{"rendered":"<p>[vc_row][vc_column width=\u00bb1\/2&#8243;][vc_custom_heading text=\u00bbTrabaja con nosotros\u00bb font_container=\u00bbtag:h3|text_align:left\u00bb el_class=\u00bbdetail-title\u00bb][vc_column_text css=\u00bb.vc_custom_1605219171561{margin-bottom: 8px !important;padding-top: 0px !important;padding-right: 0px !important;padding-bottom: 0px !important;padding-left: 0px !important;}\u00bb]<\/p>\n<p style=\"text-align: justify;\">En AyA Ingenier\u00eda Met\u00e1lica estamos en busca del mejor talento, Identificamos como elementos de selecci\u00f3n: La competencia, experiencia, valores y motivaciones profesionales. \u00a1Postula ya!<\/p>\n<p>[\/vc_column_text][vc_column_text]Nomemclatura del archivo adjunto:<br \/>\n<strong>NOMBRE-APELLIDO-POSTULA-\u00c1REA.PDF<\/strong>[\/vc_column_text][vc_raw_html]JTNDc2NyaXB0JTIwY2hhcnNldCUzRCUyMnV0Zi04JTIyJTIwdHlwZSUzRCUyMnRleHQlMkZqYXZhc2NyaXB0JTIyJTIwc3JjJTNEJTIyJTJGJTJGanMuaHNmb3Jtcy5uZXQlMkZmb3JtcyUyRnNoZWxsLmpzJTIyJTNFJTNDJTJGc2NyaXB0JTNFJTBBJTNDc2NyaXB0JTNFJTBBJTIwJTIwaGJzcHQuZm9ybXMuY3JlYXRlJTI4JTdCJTBBJTA5cG9ydGFsSWQlM0ElMjAlMjI4Mzg1NTgyJTIyJTJDJTBBJTA5Zm9ybUlkJTNBJTIwJTIyNzIxM2IyODUtZWRkZi00ODUxLWFmMzItNzdmNTBlNzA4NDkzJTIyJTBBJTdEJTI5JTNCJTBBJTNDJTJGc2NyaXB0JTNF[\/vc_raw_html][\/vc_column][vc_column width=\u00bb1\/2&#8243; css=\u00bb.vc_custom_1497016973675{padding-left: 38px !important;}\u00bb][vc_custom_heading text=\u00bb\u00c1reas disponibles\u00bb font_container=\u00bbtag:h3|text_align:left\u00bb el_class=\u00bbdetail-title\u00bb][vc_column_text css=\u00bb.vc_custom_1603807773013{margin-bottom: 8px !important;padding-top: 0px !important;padding-right: 0px !important;padding-bottom: 0px !important;padding-left: 0px !important;}\u00bb el_class=\u00bblistas-sin-orden\u00bb]<\/p>\n<ul>\n<li>CALIDAD<\/li>\n<li>INGENIER\u00cdA<\/li>\n<li>PRESUPUESTOS<\/li>\n<li>PRODUCCI\u00d3N<\/li>\n<li>OBRA<\/li>\n<li>COMERCIAL<\/li>\n<li>CONTABILIDAD<\/li>\n<li>ALQUILERES<\/li>\n<li>MANTENIMIENTO<\/li>\n<li>SEGURIDAD Y SALUD OCUPACIONAL<\/li>\n<\/ul>\n<p>[\/vc_column_text][\/vc_column][\/vc_row]<\/p>\n","protected":false},"excerpt":{"rendered":"[vc_row][vc_column width=\u00bb1\/2&#8243;][vc_custom_heading text=\u00bbTrabaja con nosotros\u00bb font_container=\u00bbtag:h3|text_align:left\u00bb el_class=\u00bbdetail-title\u00bb][vc_column_text css=\u00bb.vc_custom_1605219171561{margin-bottom: 8px !important;padding-top: 0px !important;padding-right: 0px !important;padding-bottom: 0px !important;padding-left: 0px !important;}\u00bb] En AyA Ingenier\u00eda Met\u00e1lica estamos en busca del mejor talento, Identificamos como elementos de selecci\u00f3n: La competencia, experiencia, valores y motivaciones profesionales. \u00a1Postula ya! [\/vc_column_text][vc_column_text]Nomemclatura del archivo adjunto: NOMBRE-APELLIDO-POSTULA-\u00c1REA.PDF[\/vc_column_text][vc_raw_html]JTNDc2NyaXB0JTIwY2hhcnNldCUzRCUyMnV0Zi04JTIyJTIwdHlwZSUzRCUyMnRleHQlMkZqYXZhc2NyaXB0JTIyJTIwc3JjJTNEJTIyJTJGJTJGanMuaHNmb3Jtcy5uZXQlMkZmb3JtcyUyRnNoZWxsLmpzJTIyJTNFJTNDJTJGc2NyaXB0JTNFJTBBJTNDc2NyaXB0JTNFJTBBJTIwJTIwaGJzcHQuZm9ybXMuY3JlYXRlJTI4JTdCJTBBJTA5cG9ydGFsSWQlM0ElMjAlMjI4Mzg1NTgyJTIyJTJDJTBBJTA5Zm9ybUlkJTNBJTIwJTIyNzIxM2IyODUtZWRkZi00ODUxLWFmMzItNzdmNTBlNzA4NDkzJTIyJTBBJTdEJTI5JTNCJTBBJTNDJTJGc2NyaXB0JTNF[\/vc_raw_html][\/vc_column][vc_column width=\u00bb1\/2&#8243; css=\u00bb.vc_custom_1497016973675{padding-left: 38px !important;}\u00bb][vc_custom_heading text=\u00bb\u00c1reas disponibles\u00bb font_container=\u00bbtag:h3|text_align:left\u00bb el_class=\u00bbdetail-title\u00bb][vc_column_text[&#8230;]","protected":false},"author":1,"featured_media":0,"parent":0,"menu_order":0,"comment_status":"closed","ping_status":"closed","template":"","meta":[],"_links":{"self":[{"href":"https:\/\/www.ayaingenieriametal.com\/index.php\/wp-json\/wp\/v2\/pages\/2693"}],"collection":[{"href":"https:\/\/www.ayaingenieriametal.com\/index.php\/wp-json\/wp\/v2\/pages"}],"about":[{"href":"https:\/\/www.ayaingenieriametal.com\/index.php\/wp-json\/wp\/v2\/types\/page"}],"author":[{"embeddable":true,"href":"https:\/\/www.ayaingenieriametal.com\/index.php\/wp-json\/wp\/v2\/users\/1"}],"replies":[{"embeddable":true,"href":"https:\/\/www.ayaingenieriametal.com\/index.php\/wp-json\/wp\/v2\/comments?post=2693"}],"version-history":[{"count":14,"href":"https:\/\/www.ayaingenieriametal.com\/index.php\/wp-json\/wp\/v2\/pages\/2693\/revisions"}],"predecessor-version":[{"id":4003,"href":"https:\/\/www.ayaingenieriametal.com\/index.php\/wp-json\/wp\/v2\/pages\/2693\/revisions\/4003"}],"wp:attachment":[{"href":"https:\/\/www.ayaingenieriametal.com\/index.php\/wp-json\/wp\/v2\/media?parent=2693"}],"curies":[{"name":"wp","href":"https:\/\/api.w.org\/{rel}","templated":true}]}}