{"id":2613,"date":"2020-09-17T20:38:57","date_gmt":"2020-09-18T01:38:57","guid":{"rendered":"https:\/\/www.ayaingenieriametal.com\/?page_id=2613"},"modified":"2020-12-03T14:53:43","modified_gmt":"2020-12-03T19:53:43","slug":"estructuras-metalicas","status":"publish","type":"page","link":"https:\/\/www.ayaingenieriametal.com\/index.php\/estructuras-metalicas\/","title":{"rendered":"Estructuras Met\u00e1licas"},"content":{"rendered":"<p>[vc_row overlay_dotted=\u00bb\u00bb css=\u00bb.vc_custom_1603416086478{background-color: #efefef !important;}\u00bb][vc_column width=\u00bb1\/2&#8243;][vc_raw_html]JTNDZGl2JTIwY2xhc3MlM0QlMjJhYm91dC1pbmZvJTIwJTIyJTNFJTNDaDUlM0VVbmlkYWQlMjBkZSUyMGVzdHJ1Y3R1cmFzJTNDJTJGaDUlM0UlM0NoMyUzRU1ldCVDMyVBMWxpY2FzJTNDJTJGaDMlM0UlM0NwJTIwc3R5bGUlM0QlMjJ0ZXh0LWFsaWduJTNBJTIwanVzdGlmeSUzQiUyMiUzRUVzdHJ1Y3R1cmFzJTIwbWV0JUMzJUExbGljYXMlM0ElMjBOYXZlcyUyMGluZHVzdHJpYWxlcyUyQyUyMHRlY2hvJTIwYSUyMGRvcyUyMGFndWFzJTJDJTIwbW9udGFqZSUyMGRlJTIwdmlnYXMlMjBtZXQlQzMlQTFsaWNhcyUyQyUyMEluc3RhbGFjaSVDMyVCM24lMjBkZSUyMHBsYWNhcyUyMGNvbGFib3JhbnRlcyUyQyUyMHZpZ2FzJTIweSUyMGNvbHVtbmFzJTIwbWV0JUMzJUExbGljYXMlMjBwYXJhJTIwbXVybyUyMGNvcnRpbmElMkMlMjBjb2x1bW5hcyUyMHBhcmElMjBhc2NlbnNvcmVzJTJDJTIwcCVDMyVCM3J0aWNvJTIwcGFyYSUyMHBhbmVsZXMlMjBhcnF1aXRlY3QlQzMlQjNuaWNvcyUyQyUzQyUyRnAlM0UlMEElM0NhJTIwaHJlZiUzRCUyMmh0dHBzJTNBJTJGJTJGd3d3LmF5YWluZ2VuaWVyaWFtZXRhbC5jb20lMkZpbmRleC5waHAlMkZjb250YWN0byUyRiUyMiUyMGNsYXNzJTNEJTIycm9vZi1idG4lMjIlM0VDb250JUMzJUExY3Rhbm9zJTNDJTJGYSUzRSUzQyUyRmRpdiUzRQ==[\/vc_raw_html][\/vc_column][vc_column width=\u00bb1\/2&#8243;][vc_raw_html]JTVCZW52aXJhLWdhbGxlcnklMjBpZCUzRCUyMjM1NjMlMjIlNUQ=[\/vc_raw_html][\/vc_column][\/vc_row][vc_row][vc_column width=\u00bb1\/2&#8243;][vc_custom_heading text=\u00bbPor qu\u00e9 elegirnos\u00bb font_container=\u00bbtag:h2|font_size:32|text_align:left\u00bb google_fonts=\u00bbfont_family:tungsten%3Aregular|font_style:400%20regular%3A400%3Anormal\u00bb css=\u00bb.vc_custom_1607025522170{margin-bottom: 24px !important;}\u00bb]<ul class=\"square-bullets  roof-list-69d1391a8349a\"><li>Planificamos nuestra producci\u00f3n de inicio a fin lo que nos permite cumplir con los plazos acordados.<\/li><li>Tenemos un equipo humano altamente calificado para garantizar el desarrollo del proyecto.<\/li><li>Estamos comprometidos con nuestras labores<\/li><li>Brindamos soluciones eficaces y s\u00f3lidas.<\/li><li>Altos est\u00e1ndares de calidad<\/li><li>Sistema Integrado de Gesti\u00f3n<\/li><li>Solidez del Grupo AyA<\/li><\/ul>[\/vc_column][vc_column width=\u00bb1\/2&#8243;][vc_custom_heading text=\u00bbPreguntas frecuentes\u00bb font_container=\u00bbtag:h2|font_size:32|text_align:left\u00bb google_fonts=\u00bbfont_family:tungsten%3Aregular|font_style:400%20regular%3A400%3Anormal\u00bb css=\u00bb.vc_custom_1600403050868{margin-bottom: 24px !important;}\u00bb]<div class=\"roof-questions  collapse-others\"><div class=\"accordion\" id=\"accordion-como-los-contacto0\" role=\"tablist\" aria-multiselectable=\"true\"><div class=\"panel panel-default\"><div class=\"panel-heading in\"><h4 class=\"panel-title\"><a href=\"#69d1391a83550-0\" class=\"panel-title accordion-toggle\"  data-toggle=\"collapse\"><strong>\u00bfC\u00f3mo los contacto?<\/strong><\/a><\/h4><\/div><div id=\"69d1391a83550-0\" class=\"panel-collapse collapse in\"><div class=\"panel-content\">[vc_custom_heading text=\u00bbHaz clic aqu\u00ed, Registre sus datos en el siguiente formulario y te brindaremos una cotizaci\u00f3n. Para consultas r\u00e1pidas,puedes comunicarte a nuestro whastapp.\u00bb font_container=\u00bbtag:p|font_size:14px|text_align:left|color:%23888888&#8243; google_fonts=\u00bbfont_family:Montserrat%3Aregular%2C700|font_style:400%20regular%3A400%3Anormal\u00bb link=\u00bburl:https%3A%2F%2Fwww.ayaingenieriametal.com%2F%23contactoancla|||\u00bb]<\/div><\/div><\/div><\/div><div class=\"accordion\" id=\"accordion-que-trabajos-realizan1\" role=\"tablist\" aria-multiselectable=\"true\"><div class=\"panel panel-default\"><div class=\"panel-heading\"><h4 class=\"panel-title\"><a href=\"#69d1391a83550-1\" class=\"panel-title accordion-toggle\"  data-toggle=\"collapse\"><strong>\u00bfQu\u00e9 trabajos realizan?<\/strong><\/a><\/h4><\/div><div id=\"69d1391a83550-1\" class=\"panel-collapse collapse\"><div class=\"panel-content\">[vc_custom_heading text=\u00bbTenemos dos unidades de negocio: Estructuras y carpinter\u00eda met\u00e1lica. Alquiler de maquinaria, equipos y pases con diamantina . Visite nuestro e commerce aqu\u00ed.\u00bb font_container=\u00bbtag:p|font_size:14px|text_align:left|color:%23888888&#8243; google_fonts=\u00bbfont_family:Montserrat%3Aregular%2C700|font_style:400%20regular%3A400%3Anormal\u00bb]<\/div><\/div><\/div><\/div><div class=\"accordion\" id=\"accordion-cuentan-con-estandares-de-seguridad2\" role=\"tablist\" aria-multiselectable=\"true\"><div class=\"panel panel-default\"><div class=\"panel-heading\"><h4 class=\"panel-title\"><a href=\"#69d1391a83550-2\" class=\"panel-title accordion-toggle\"  data-toggle=\"collapse\"><strong>\u00bfCuentan con est\u00e1ndares de seguridad?<\/strong><\/a><\/h4><\/div><div id=\"69d1391a83550-2\" class=\"panel-collapse collapse\"><div class=\"panel-content\">[vc_custom_heading text=\u00bb<\/p>\n<ul>\n<li>Ley 29783 &#8211; Ley de Seguridad y Salud en el Trabajo<\/li>\n<li>Ley 20222 \u2013 Modificatoria Ley de Seguridad y Salud en el Trabajo<\/li>\n<li>DS-005 -2012-TR \u2013 Reglamento Ley de Seguridad y Salud en el Trabajo<\/li>\n<li>DS N\u00b0 42-F Reglamento de la Seguridad Industrial<\/li>\n<li>G-050 Seguridad durante la construcci\u00f3n<\/li>\n<li>RM- 050 \u2013 Formatos referenciales<\/li>\n<li>OHSAS 18001:2007 &#8211; Sistema De Gesti\u00f3n De Seguridad y Salud Ocupacional \u2013 Requisitos<\/li>\n<li>Reglamento Interno de Seguridad y Salud en el Trabajo<\/li>\n<\/ul>\n<p>\u00bb font_container=\u00bbtag:p|font_size:14px|text_align:left|color:%23888888&#8243; google_fonts=\u00bbfont_family:Montserrat%3Aregular%2C700|font_style:400%20regular%3A400%3Anormal\u00bb]<\/div><\/div><\/div><\/div><\/div>[\/vc_column][\/vc_row][vc_row overlay_dotted=\u00bb\u00bb css=\u00bb.vc_custom_1497257039813{padding-top: 30px !important;}\u00bb][vc_column width=\u00bb1\/2&#8243;]<h3 class=\"info-title\">Descarga el PDF<\/h3><div class=\"brochure-wrap estructuras-descargar-pdf brochure-69d1391a83661\"><div class=\"roof-picture\"><img src=\"https:\/\/www.ayaingenieriametal.com\/wp-content\/uploads\/2020\/10\/brochure-estructuras-v3.jpg\" alt=\"Descarga el PDF\"><\/div><div class=\"brochure-info\"><a href=\"https:\/\/www.ayaingenieriametal.com\/wp-content\/uploads\/2020\/10\/brochure-estructuras.pdf\" target=\"_blank\" class=\"roof-btn\">DESCARGAR<\/a><\/div><\/div>[\/vc_column][vc_column width=\u00bb1\/2&#8243;][vc_custom_heading text=\u00bbEl proceso\u00bb font_container=\u00bbtag:h2|font_size:32|text_align:left\u00bb google_fonts=\u00bbfont_family:tungsten%3Aregular|font_style:400%20regular%3A400%3Anormal\u00bb css=\u00bb.vc_custom_1600404163944{margin-bottom: 24px !important;}\u00bb][vc_custom_heading text=\u00bbEl proceso de fabricaci\u00f3n de estructuras met\u00e1licas inicia con la inspecci\u00f3n de calidad de materia prima, seguido del habilitado, armado y una segunda inspecci\u00f3n de producto en proceso, contin\u00faa el proceso con el soldado de la estructura, se inspecciona la soldadura y verifica que cumplan con los par\u00e1metros de calidad establecidos.<br \/>\nPosteriormente se procede con la limpieza, quitar rebabas y salpicaduras de soldadura, se procede con el arenado y\/o galvanizado, se inspecciona la calidad del mismo y se procede con la quinta inspecci\u00f3n para el pintado, se embala para env\u00edo a obra.<br \/>\nAl llegar a obra se inspecciona el producto en proceso y se procede con la instalaci\u00f3n y montaje de estructuras o carpinter\u00eda met\u00e1lica, pasa por las diferentes inspecciones de calidad propias y de supervisi\u00f3n del cliente, finalizamos el proceso con la entrega en obra de la instalaci\u00f3n terminada hasta acabados.\u00bb font_container=\u00bbtag:p|font_size:14px|text_align:justify|color:%23888888&#8243; google_fonts=\u00bbfont_family:Montserrat%3Aregular%2C700|font_style:400%20regular%3A400%3Anormal\u00bb][\/vc_column][\/vc_row]<\/p>\n","protected":false},"excerpt":{"rendered":"[vc_row overlay_dotted=\u00bb\u00bb css=\u00bb.vc_custom_1603416086478{background-color: #efefef !important;}\u00bb][vc_column width=\u00bb1\/2&#8243;][vc_raw_html]JTNDZGl2JTIwY2xhc3MlM0QlMjJhYm91dC1pbmZvJTIwJTIyJTNFJTNDaDUlM0VVbmlkYWQlMjBkZSUyMGVzdHJ1Y3R1cmFzJTNDJTJGaDUlM0UlM0NoMyUzRU1ldCVDMyVBMWxpY2FzJTNDJTJGaDMlM0UlM0NwJTIwc3R5bGUlM0QlMjJ0ZXh0LWFsaWduJTNBJTIwanVzdGlmeSUzQiUyMiUzRUVzdHJ1Y3R1cmFzJTIwbWV0JUMzJUExbGljYXMlM0ElMjBOYXZlcyUyMGluZHVzdHJpYWxlcyUyQyUyMHRlY2hvJTIwYSUyMGRvcyUyMGFndWFzJTJDJTIwbW9udGFqZSUyMGRlJTIwdmlnYXMlMjBtZXQlQzMlQTFsaWNhcyUyQyUyMEluc3RhbGFjaSVDMyVCM24lMjBkZSUyMHBsYWNhcyUyMGNvbGFib3JhbnRlcyUyQyUyMHZpZ2FzJTIweSUyMGNvbHVtbmFzJTIwbWV0JUMzJUExbGljYXMlMjBwYXJhJTIwbXVybyUyMGNvcnRpbmElMkMlMjBjb2x1bW5hcyUyMHBhcmElMjBhc2NlbnNvcmVzJTJDJTIwcCVDMyVCM3J0aWNvJTIwcGFyYSUyMHBhbmVsZXMlMjBhcnF1aXRlY3QlQzMlQjNuaWNvcyUyQyUzQyUyRnAlM0UlMEElM0NhJTIwaHJlZiUzRCUyMmh0dHBzJTNBJTJGJTJGd3d3LmF5YWluZ2VuaWVyaWFtZXRhbC5jb20lMkZpbmRleC5waHAlMkZjb250YWN0byUyRiUyMiUyMGNsYXNzJTNEJTIycm9vZi1idG4lMjIlM0VDb250JUMzJUExY3Rhbm9zJTNDJTJGYSUzRSUzQyUyRmRpdiUzRQ==[\/vc_raw_html][\/vc_column][vc_column width=\u00bb1\/2&#8243;][vc_raw_html]JTVCZW52aXJhLWdhbGxlcnklMjBpZCUzRCUyMjM1NjMlMjIlNUQ=[\/vc_raw_html][\/vc_column][\/vc_row][vc_row][vc_column width=\u00bb1\/2&#8243;][vc_custom_heading text=\u00bbPor qu\u00e9 elegirnos\u00bb font_container=\u00bbtag:h2|font_size:32|text_align:left\u00bb google_fonts=\u00bbfont_family:tungsten%3Aregular|font_style:400%20regular%3A400%3Anormal\u00bb css=\u00bb.vc_custom_1607025522170{margin-bottom: 24px !important;}\u00bb][\/vc_column][vc_column width=\u00bb1\/2&#8243;][vc_custom_heading text=\u00bbPreguntas frecuentes\u00bb font_container=\u00bbtag:h2|font_size:32|text_align:left\u00bb google_fonts=\u00bbfont_family:tungsten%3Aregular|font_style:400%20regular%3A400%3Anormal\u00bb css=\u00bb.vc_custom_1600403050868{margin-bottom: 24px !important;}\u00bb][\/vc_column][\/vc_row][vc_row overlay_dotted=\u00bb\u00bb css=\u00bb.vc_custom_1497257039813{padding-top: 30px !important;}\u00bb][vc_column width=\u00bb1\/2&#8243;][\/vc_column][vc_column width=\u00bb1\/2&#8243;][vc_custom_heading text=\u00bbEl proceso\u00bb font_container=\u00bbtag:h2|font_size:32|text_align:left\u00bb google_fonts=\u00bbfont_family:tungsten%3Aregular|font_style:400%20regular%3A400%3Anormal\u00bb css=\u00bb.vc_custom_1600404163944{margin-bottom: 24px !important;}\u00bb][vc_custom_heading text=\u00bbEl proceso de fabricaci\u00f3n de estructuras met\u00e1licas inicia con la inspecci\u00f3n de calidad de materia prima, seguido del[&#8230;]","protected":false},"author":1,"featured_media":0,"parent":0,"menu_order":0,"comment_status":"closed","ping_status":"closed","template":"","meta":[],"_links":{"self":[{"href":"https:\/\/www.ayaingenieriametal.com\/index.php\/wp-json\/wp\/v2\/pages\/2613"}],"collection":[{"href":"https:\/\/www.ayaingenieriametal.com\/index.php\/wp-json\/wp\/v2\/pages"}],"about":[{"href":"https:\/\/www.ayaingenieriametal.com\/index.php\/wp-json\/wp\/v2\/types\/page"}],"author":[{"embeddable":true,"href":"https:\/\/www.ayaingenieriametal.com\/index.php\/wp-json\/wp\/v2\/users\/1"}],"replies":[{"embeddable":true,"href":"https:\/\/www.ayaingenieriametal.com\/index.php\/wp-json\/wp\/v2\/comments?post=2613"}],"version-history":[{"count":42,"href":"https:\/\/www.ayaingenieriametal.com\/index.php\/wp-json\/wp\/v2\/pages\/2613\/revisions"}],"predecessor-version":[{"id":4251,"href":"https:\/\/www.ayaingenieriametal.com\/index.php\/wp-json\/wp\/v2\/pages\/2613\/revisions\/4251"}],"wp:attachment":[{"href":"https:\/\/www.ayaingenieriametal.com\/index.php\/wp-json\/wp\/v2\/media?parent=2613"}],"curies":[{"name":"wp","href":"https:\/\/api.w.org\/{rel}","templated":true}]}}